{"id":20,"date":"2026-03-12T16:41:22","date_gmt":"2026-03-12T16:41:22","guid":{"rendered":"https:\/\/ericguerrero.es\/?page_id=20"},"modified":"2026-03-16T22:04:51","modified_gmt":"2026-03-16T22:04:51","slug":"sobre-mi","status":"publish","type":"page","link":"https:\/\/ericguerrero.es\/index.php\/sobre-mi\/","title":{"rendered":"Sobre M\u00ed"},"content":{"rendered":"\t\t<div data-elementor-type=\"wp-page\" data-elementor-id=\"20\" class=\"elementor elementor-20\" data-elementor-post-type=\"page\">\n\t\t\t\t<div class=\"elementor-element elementor-element-6a9eaa5 e-flex e-con-boxed e-con e-parent\" data-id=\"6a9eaa5\" data-element_type=\"container\" data-e-type=\"container\">\n\t\t\t\t\t<div class=\"e-con-inner\">\n\t\t\t\t<div class=\"elementor-element elementor-element-0adc6d8 elementor-widget elementor-widget-heading\" data-id=\"0adc6d8\" data-element_type=\"widget\" data-e-type=\"widget\" data-widget_type=\"heading.default\">\n\t\t\t\t\t<h1 class=\"elementor-heading-title elementor-size-default\">Sobre M\u00ed<\/h1>\t\t\t\t<\/div>\n\t\t\t\t\t<\/div>\n\t\t\t\t<\/div>\n\t\t<div class=\"elementor-element elementor-element-dfbc42d e-flex e-con-boxed e-con e-parent\" data-id=\"dfbc42d\" data-element_type=\"container\" data-e-type=\"container\">\n\t\t\t\t\t<div class=\"e-con-inner\">\n\t\t\t\t<div class=\"elementor-element elementor-element-6e05b78 elementor-widget elementor-widget-text-editor\" data-id=\"6e05b78\" data-element_type=\"widget\" data-e-type=\"widget\" data-widget_type=\"text-editor.default\">\n\t\t\t\t\t\t\t\t\t<p>Tengo 18 a\u00f1os y una mente anal\u00edtica y creativa. Me enfoco en el rendimiento y el dise\u00f1o<br \/><span style=\"font-size: 1rem;\">en cada proyecto que desarrollo, buscando siempre el equilibrio perfecto entre funcionalidad y est\u00e9tica.<\/span><\/p><p>Mi pasi\u00f3n por la programaci\u00f3n comenz\u00f3 con los videojuegos, pero ha evolucionado hacia<br \/>un conjunto diverso de habilidades que abarca desde el desarrollo de aplicaciones<br \/>m\u00f3viles hasta la optimizaci\u00f3n SEO y el dise\u00f1o web.<\/p>\t\t\t\t\t\t\t\t<\/div>\n\t\t\t\t\t<\/div>\n\t\t\t\t<\/div>\n\t\t<div class=\"elementor-element elementor-element-8c705c1 e-flex e-con-boxed e-con e-parent\" data-id=\"8c705c1\" data-element_type=\"container\" data-e-type=\"container\">\n\t\t\t\t\t<div class=\"e-con-inner\">\n\t\t\t\t<div class=\"elementor-element elementor-element-db66e50 elementor-widget-divider--view-line elementor-widget elementor-widget-divider\" data-id=\"db66e50\" data-element_type=\"widget\" data-e-type=\"widget\" data-widget_type=\"divider.default\">\n\t\t\t\t\t\t\t<div class=\"elementor-divider\">\n\t\t\t<span class=\"elementor-divider-separator\">\n\t\t\t\t\t\t<\/span>\n\t\t<\/div>\n\t\t\t\t\t\t<\/div>\n\t\t\t\t<div class=\"elementor-element elementor-element-81b1da2 elementor-widget elementor-widget-heading\" data-id=\"81b1da2\" data-element_type=\"widget\" data-e-type=\"widget\" data-widget_type=\"heading.default\">\n\t\t\t\t\t<h2 class=\"elementor-heading-title elementor-size-default\">Experiencia Profesional<\/h2>\t\t\t\t<\/div>\n\t\t\t\t\t<\/div>\n\t\t\t\t<\/div>\n\t\t<div class=\"elementor-element elementor-element-1889029 e-flex e-con-boxed e-con e-parent\" data-id=\"1889029\" data-element_type=\"container\" data-e-type=\"container\">\n\t\t\t\t\t<div class=\"e-con-inner\">\n\t\t\t\t<div class=\"elementor-element elementor-element-fab3fa9 elementor-widget elementor-widget-text-editor\" data-id=\"fab3fa9\" data-element_type=\"widget\" data-e-type=\"widget\" data-widget_type=\"text-editor.default\">\n\t\t\t\t\t\t\t\t\t<h5>EngageInformatica<\/h5>\t\t\t\t\t\t\t\t<\/div>\n\t\t\t\t<div class=\"elementor-element elementor-element-e1cdfb5 elementor-widget elementor-widget-text-editor\" data-id=\"e1cdfb5\" data-element_type=\"widget\" data-e-type=\"widget\" data-widget_type=\"text-editor.default\">\n\t\t\t\t\t\t\t\t\t<p>Desarrollador Web &amp; SEO<\/p><p>\u2022\u00a0 \u00a0Desarrollo de sitios web WordPress a medida con enfoque en rendimiento y experiencia de usuario<br \/>\u2022\u00a0 \u00a0Estrategia y optimizaci\u00f3n SEO orientada a resultados, logrando aumentos medibles de tr\u00e1fico y visitas org\u00e1nicas<br \/>\u2022\u00a0 \u00a0Dise\u00f1o gr\u00e1fico: Vectorizaci\u00f3n y adaptaci\u00f3n de logotipos para entornos web y distintos formatos<\/p>\t\t\t\t\t\t\t\t<\/div>\n\t\t\t\t\t<\/div>\n\t\t\t\t<\/div>\n\t\t<div class=\"elementor-element elementor-element-ff10d91 e-flex e-con-boxed e-con e-parent\" data-id=\"ff10d91\" data-element_type=\"container\" data-e-type=\"container\">\n\t\t\t\t\t<div class=\"e-con-inner\">\n\t\t\t\t<div class=\"elementor-element elementor-element-668b76d elementor-widget elementor-widget-text-editor\" data-id=\"668b76d\" data-element_type=\"widget\" data-e-type=\"widget\" data-widget_type=\"text-editor.default\">\n\t\t\t\t\t\t\t\t\t<h5>Piconat Studios<\/h5>\t\t\t\t\t\t\t\t<\/div>\n\t\t\t\t<div class=\"elementor-element elementor-element-a0b6ad6 elementor-widget elementor-widget-text-editor\" data-id=\"a0b6ad6\" data-element_type=\"widget\" data-e-type=\"widget\" data-widget_type=\"text-editor.default\">\n\t\t\t\t\t\t\t\t\t<p>Colaboro en proyectos independientes de videojuegos bajo el sello Piconat Studios,\u00a0<br \/><span style=\"font-size: 1rem;\">enfoc\u00e1ndonos en crear experiencias \u00fanicas e innovadoras. Este trabajo en equipo me ha permitido <br \/>desarrollar habilidades de comunicaci\u00f3n y gesti\u00f3n de proyectos mientras mantengo mi enfoque en la calidad del c\u00f3digo.<\/span><\/p>\t\t\t\t\t\t\t\t<\/div>\n\t\t\t\t\t<\/div>\n\t\t\t\t<\/div>\n\t\t<div class=\"elementor-element elementor-element-dec901e e-flex e-con-boxed e-con e-parent\" data-id=\"dec901e\" data-element_type=\"container\" data-e-type=\"container\">\n\t\t\t\t\t<div class=\"e-con-inner\">\n\t\t\t\t<div class=\"elementor-element elementor-element-5cfdb21 elementor-widget-divider--view-line elementor-widget elementor-widget-divider\" data-id=\"5cfdb21\" data-element_type=\"widget\" data-e-type=\"widget\" data-widget_type=\"divider.default\">\n\t\t\t\t\t\t\t<div class=\"elementor-divider\">\n\t\t\t<span class=\"elementor-divider-separator\">\n\t\t\t\t\t\t<\/span>\n\t\t<\/div>\n\t\t\t\t\t\t<\/div>\n\t\t\t\t\t<\/div>\n\t\t\t\t<\/div>\n\t\t<div class=\"elementor-element elementor-element-0c2e228 e-flex e-con-boxed e-con e-parent\" data-id=\"0c2e228\" data-element_type=\"container\" data-e-type=\"container\">\n\t\t\t\t\t<div class=\"e-con-inner\">\n\t\t\t\t<div class=\"elementor-element elementor-element-c863a76 elementor-widget elementor-widget-heading\" data-id=\"c863a76\" data-element_type=\"widget\" data-e-type=\"widget\" data-widget_type=\"heading.default\">\n\t\t\t\t\t<h2 class=\"elementor-heading-title elementor-size-default\">Comunidad &amp; Contenido<\/h2>\t\t\t\t<\/div>\n\t\t\t\t\t<\/div>\n\t\t\t\t<\/div>\n\t\t<div class=\"elementor-element elementor-element-f3ca91f e-flex e-con-boxed e-con e-parent\" data-id=\"f3ca91f\" data-element_type=\"container\" data-e-type=\"container\">\n\t\t\t\t\t<div class=\"e-con-inner\">\n\t\t\t\t<div class=\"elementor-element elementor-element-d1fd328 elementor-widget elementor-widget-text-editor\" data-id=\"d1fd328\" data-element_type=\"widget\" data-e-type=\"widget\" data-widget_type=\"text-editor.default\">\n\t\t\t\t\t\t\t\t\t<p>Adem\u00e1s del desarrollo, creo contenido relacionado con programaci\u00f3n, game dev y tecnolog\u00eda.<br \/><span style=\"font-size: 1rem;\">Me apasiona compartir conocimientos y conectar con la comunidad.<\/span><\/p>\t\t\t\t\t\t\t\t<\/div>\n\t\t\t\t\t<\/div>\n\t\t\t\t<\/div>\n\t\t<div class=\"elementor-element elementor-element-8d847d2 e-flex e-con-boxed e-con e-parent\" data-id=\"8d847d2\" data-element_type=\"container\" data-e-type=\"container\">\n\t\t\t\t\t<div class=\"e-con-inner\">\n\t\t<div class=\"elementor-element elementor-element-bfa9c0e e-con-full e-flex e-con e-child\" data-id=\"bfa9c0e\" data-element_type=\"container\" data-e-type=\"container\">\n\t\t<div class=\"elementor-element elementor-element-99d3fa5 e-con-full e-flex e-con e-child\" data-id=\"99d3fa5\" data-element_type=\"container\" data-e-type=\"container\">\n\t\t\t\t<div class=\"elementor-element elementor-element-fe9afdf elementor-view-stacked elementor-shape-rounded elementor-widget elementor-widget-icon\" data-id=\"fe9afdf\" data-element_type=\"widget\" data-e-type=\"widget\" data-widget_type=\"icon.default\">\n\t\t\t\t\t\t\t<div class=\"elementor-icon-wrapper\">\n\t\t\t<a class=\"elementor-icon\" href=\"https:\/\/www.youtube.com\/@%C3%81rbol_M%C3%ADstico\">\n\t\t\t<svg aria-hidden=\"true\" class=\"e-font-icon-svg e-fab-youtube\" viewBox=\"0 0 576 512\" xmlns=\"http:\/\/www.w3.org\/2000\/svg\"><path d=\"M549.655 124.083c-6.281-23.65-24.787-42.276-48.284-48.597C458.781 64 288 64 288 64S117.22 64 74.629 75.486c-23.497 6.322-42.003 24.947-48.284 48.597-11.412 42.867-11.412 132.305-11.412 132.305s0 89.438 11.412 132.305c6.281 23.65 24.787 41.5 48.284 47.821C117.22 448 288 448 288 448s170.78 0 213.371-11.486c23.497-6.321 42.003-24.171 48.284-47.821 11.412-42.867 11.412-132.305 11.412-132.305s0-89.438-11.412-132.305zm-317.51 213.508V175.185l142.739 81.205-142.739 81.201z\"><\/path><\/svg>\t\t\t<\/a>\n\t\t<\/div>\n\t\t\t\t\t\t<\/div>\n\t\t\t\t<div class=\"elementor-element elementor-element-8fc2b9b elementor-widget__width-initial elementor-widget elementor-widget-author-box\" data-id=\"8fc2b9b\" data-element_type=\"widget\" data-e-type=\"widget\" data-widget_type=\"author-box.default\">\n\t\t\t\t\t\t\t<div class=\"elementor-author-box\">\n\t\t\t\n\t\t\t<div class=\"elementor-author-box__text\">\n\t\t\t\t\t\t\t\t\t<div >\n\t\t\t\t\t\t<h4 class=\"elementor-author-box__name\">\n\t\t\t\t\t\t\tYouTube\t\t\t\t\t\t<\/h4>\n\t\t\t\t\t<\/div>\n\t\t\t\t\n\t\t\t\t\t\t\t\t\t<div class=\"elementor-author-box__bio\">\n\t\t\t\t\t\t<p>\u00c1rbol M\u00edstico<\/p>\n\t\t\t\t\t<\/div>\n\t\t\t\t\n\t\t\t\t\t\t\t<\/div>\n\t\t<\/div>\n\t\t\t\t\t\t<\/div>\n\t\t\t\t<\/div>\n\t\t\t\t<\/div>\n\t\t<div class=\"elementor-element elementor-element-c80c86d e-con-full e-flex e-con e-child\" data-id=\"c80c86d\" data-element_type=\"container\" data-e-type=\"container\">\n\t\t<div class=\"elementor-element elementor-element-64906fd e-con-full e-flex e-con e-child\" data-id=\"64906fd\" data-element_type=\"container\" data-e-type=\"container\">\n\t\t\t\t<div class=\"elementor-element elementor-element-a63ea95 elementor-view-stacked elementor-shape-rounded elementor-widget elementor-widget-icon\" data-id=\"a63ea95\" data-element_type=\"widget\" data-e-type=\"widget\" data-widget_type=\"icon.default\">\n\t\t\t\t\t\t\t<div class=\"elementor-icon-wrapper\">\n\t\t\t<a class=\"elementor-icon\" href=\"https:\/\/discord.gg\/6REqsMeS\">\n\t\t\t<svg aria-hidden=\"true\" class=\"e-font-icon-svg e-fab-google-play\" viewBox=\"0 0 512 512\" xmlns=\"http:\/\/www.w3.org\/2000\/svg\"><path d=\"M325.3 234.3L104.6 13l280.8 161.2-60.1 60.1zM47 0C34 6.8 25.3 19.2 25.3 35.3v441.3c0 16.1 8.7 28.5 21.7 35.3l256.6-256L47 0zm425.2 225.6l-58.9-34.1-65.7 64.5 65.7 64.5 60.1-34.1c18-14.3 18-46.5-1.2-60.8zM104.6 499l280.8-161.2-60.1-60.1L104.6 499z\"><\/path><\/svg>\t\t\t<\/a>\n\t\t<\/div>\n\t\t\t\t\t\t<\/div>\n\t\t\t\t<div class=\"elementor-element elementor-element-71ce56a elementor-widget__width-initial elementor-widget elementor-widget-author-box\" data-id=\"71ce56a\" data-element_type=\"widget\" data-e-type=\"widget\" data-widget_type=\"author-box.default\">\n\t\t\t\t\t\t\t<div class=\"elementor-author-box\">\n\t\t\t\n\t\t\t<div class=\"elementor-author-box__text\">\n\t\t\t\t\t\t\t\t\t<div >\n\t\t\t\t\t\t<h4 class=\"elementor-author-box__name\">\n\t\t\t\t\t\t\tGoogle Play Store\t\t\t\t\t\t<\/h4>\n\t\t\t\t\t<\/div>\n\t\t\t\t\n\t\t\t\t\t\t\t\t\t<div class=\"elementor-author-box__bio\">\n\t\t\t\t\t\t<p>Piconat Studios<\/p>\n\t\t\t\t\t<\/div>\n\t\t\t\t\n\t\t\t\t\t\t\t<\/div>\n\t\t<\/div>\n\t\t\t\t\t\t<\/div>\n\t\t\t\t<\/div>\n\t\t\t\t<\/div>\n\t\t<div class=\"elementor-element elementor-element-4b71305 e-con-full e-flex e-con e-child\" data-id=\"4b71305\" data-element_type=\"container\" data-e-type=\"container\">\n\t\t<div class=\"elementor-element elementor-element-6331a3c e-con-full e-flex e-con e-child\" data-id=\"6331a3c\" data-element_type=\"container\" data-e-type=\"container\">\n\t\t\t\t<div class=\"elementor-element elementor-element-f60b311 elementor-view-stacked elementor-shape-rounded elementor-widget elementor-widget-icon\" data-id=\"f60b311\" data-element_type=\"widget\" data-e-type=\"widget\" data-widget_type=\"icon.default\">\n\t\t\t\t\t\t\t<div class=\"elementor-icon-wrapper\">\n\t\t\t<a class=\"elementor-icon\" href=\"https:\/\/discord.gg\/6REqsMeS\">\n\t\t\t<svg aria-hidden=\"true\" class=\"e-font-icon-svg e-fab-discord\" viewBox=\"0 0 448 512\" xmlns=\"http:\/\/www.w3.org\/2000\/svg\"><path d=\"M297.216 243.2c0 15.616-11.52 28.416-26.112 28.416-14.336 0-26.112-12.8-26.112-28.416s11.52-28.416 26.112-28.416c14.592 0 26.112 12.8 26.112 28.416zm-119.552-28.416c-14.592 0-26.112 12.8-26.112 28.416s11.776 28.416 26.112 28.416c14.592 0 26.112-12.8 26.112-28.416.256-15.616-11.52-28.416-26.112-28.416zM448 52.736V512c-64.494-56.994-43.868-38.128-118.784-107.776l13.568 47.36H52.48C23.552 451.584 0 428.032 0 398.848V52.736C0 23.552 23.552 0 52.48 0h343.04C424.448 0 448 23.552 448 52.736zm-72.96 242.688c0-82.432-36.864-149.248-36.864-149.248-36.864-27.648-71.936-26.88-71.936-26.88l-3.584 4.096c43.52 13.312 63.744 32.512 63.744 32.512-60.811-33.329-132.244-33.335-191.232-7.424-9.472 4.352-15.104 7.424-15.104 7.424s21.248-20.224 67.328-33.536l-2.56-3.072s-35.072-.768-71.936 26.88c0 0-36.864 66.816-36.864 149.248 0 0 21.504 37.12 78.08 38.912 0 0 9.472-11.52 17.152-21.248-32.512-9.728-44.8-30.208-44.8-30.208 3.766 2.636 9.976 6.053 10.496 6.4 43.21 24.198 104.588 32.126 159.744 8.96 8.96-3.328 18.944-8.192 29.44-15.104 0 0-12.8 20.992-46.336 30.464 7.68 9.728 16.896 20.736 16.896 20.736 56.576-1.792 78.336-38.912 78.336-38.912z\"><\/path><\/svg>\t\t\t<\/a>\n\t\t<\/div>\n\t\t\t\t\t\t<\/div>\n\t\t\t\t<div class=\"elementor-element elementor-element-c02de7d elementor-widget__width-initial elementor-widget elementor-widget-author-box\" data-id=\"c02de7d\" data-element_type=\"widget\" data-e-type=\"widget\" data-widget_type=\"author-box.default\">\n\t\t\t\t\t\t\t<div class=\"elementor-author-box\">\n\t\t\t\n\t\t\t<div class=\"elementor-author-box__text\">\n\t\t\t\t\t\t\t\t\t<div >\n\t\t\t\t\t\t<h4 class=\"elementor-author-box__name\">\n\t\t\t\t\t\t\tDiscord\t\t\t\t\t\t<\/h4>\n\t\t\t\t\t<\/div>\n\t\t\t\t\n\t\t\t\t\t\t\t\t\t<div class=\"elementor-author-box__bio\">\n\t\t\t\t\t\t<p>eric_guerrero<\/p>\n\t\t\t\t\t<\/div>\n\t\t\t\t\n\t\t\t\t\t\t\t<\/div>\n\t\t<\/div>\n\t\t\t\t\t\t<\/div>\n\t\t\t\t<\/div>\n\t\t\t\t<\/div>\n\t\t<div class=\"elementor-element elementor-element-7ccdb6a e-con-full e-flex e-con e-child\" data-id=\"7ccdb6a\" data-element_type=\"container\" data-e-type=\"container\">\n\t\t<div class=\"elementor-element elementor-element-84cf994 e-con-full e-flex e-con e-child\" data-id=\"84cf994\" data-element_type=\"container\" data-e-type=\"container\">\n\t\t\t\t<div class=\"elementor-element elementor-element-1bb5f5e elementor-view-stacked elementor-shape-rounded elementor-widget elementor-widget-icon\" data-id=\"1bb5f5e\" data-element_type=\"widget\" data-e-type=\"widget\" data-widget_type=\"icon.default\">\n\t\t\t\t\t\t\t<div class=\"elementor-icon-wrapper\">\n\t\t\t<a class=\"elementor-icon\" href=\"https:\/\/www.tiktok.com\/@piconatstudios?is_from_webapp=1&#038;sender_device=pc\">\n\t\t\t<svg aria-hidden=\"true\" class=\"e-font-icon-svg e-fab-tiktok\" viewBox=\"0 0 448 512\" xmlns=\"http:\/\/www.w3.org\/2000\/svg\"><path d=\"M448,209.91a210.06,210.06,0,0,1-122.77-39.25V349.38A162.55,162.55,0,1,1,185,188.31V278.2a74.62,74.62,0,1,0,52.23,71.18V0l88,0a121.18,121.18,0,0,0,1.86,22.17h0A122.18,122.18,0,0,0,381,102.39a121.43,121.43,0,0,0,67,20.14Z\"><\/path><\/svg>\t\t\t<\/a>\n\t\t<\/div>\n\t\t\t\t\t\t<\/div>\n\t\t\t\t<div class=\"elementor-element elementor-element-19ddc70 elementor-widget__width-initial elementor-widget elementor-widget-author-box\" data-id=\"19ddc70\" data-element_type=\"widget\" data-e-type=\"widget\" data-widget_type=\"author-box.default\">\n\t\t\t\t\t\t\t<div class=\"elementor-author-box\">\n\t\t\t\n\t\t\t<div class=\"elementor-author-box__text\">\n\t\t\t\t\t\t\t\t\t<div >\n\t\t\t\t\t\t<h4 class=\"elementor-author-box__name\">\n\t\t\t\t\t\t\tTikTok\t\t\t\t\t\t<\/h4>\n\t\t\t\t\t<\/div>\n\t\t\t\t\n\t\t\t\t\t\t\t\t\t<div class=\"elementor-author-box__bio\">\n\t\t\t\t\t\t<p>piconatstudios<\/p>\n\t\t\t\t\t<\/div>\n\t\t\t\t\n\t\t\t\t\t\t\t<\/div>\n\t\t<\/div>\n\t\t\t\t\t\t<\/div>\n\t\t\t\t<\/div>\n\t\t\t\t<\/div>\n\t\t<div class=\"elementor-element elementor-element-1c323a9 e-con-full e-flex e-con e-child\" data-id=\"1c323a9\" data-element_type=\"container\" data-e-type=\"container\">\n\t\t<div class=\"elementor-element elementor-element-28b13f2 e-con-full e-flex e-con e-child\" data-id=\"28b13f2\" data-element_type=\"container\" data-e-type=\"container\">\n\t\t\t\t<div class=\"elementor-element elementor-element-11bce4d elementor-view-stacked elementor-shape-rounded elementor-widget elementor-widget-icon\" data-id=\"11bce4d\" data-element_type=\"widget\" data-e-type=\"widget\" data-widget_type=\"icon.default\">\n\t\t\t\t\t\t\t<div class=\"elementor-icon-wrapper\">\n\t\t\t<a class=\"elementor-icon\" href=\"https:\/\/discord.gg\/6REqsMeS\">\n\t\t\t<svg aria-hidden=\"true\" class=\"e-font-icon-svg e-fab-discord\" viewBox=\"0 0 448 512\" xmlns=\"http:\/\/www.w3.org\/2000\/svg\"><path d=\"M297.216 243.2c0 15.616-11.52 28.416-26.112 28.416-14.336 0-26.112-12.8-26.112-28.416s11.52-28.416 26.112-28.416c14.592 0 26.112 12.8 26.112 28.416zm-119.552-28.416c-14.592 0-26.112 12.8-26.112 28.416s11.776 28.416 26.112 28.416c14.592 0 26.112-12.8 26.112-28.416.256-15.616-11.52-28.416-26.112-28.416zM448 52.736V512c-64.494-56.994-43.868-38.128-118.784-107.776l13.568 47.36H52.48C23.552 451.584 0 428.032 0 398.848V52.736C0 23.552 23.552 0 52.48 0h343.04C424.448 0 448 23.552 448 52.736zm-72.96 242.688c0-82.432-36.864-149.248-36.864-149.248-36.864-27.648-71.936-26.88-71.936-26.88l-3.584 4.096c43.52 13.312 63.744 32.512 63.744 32.512-60.811-33.329-132.244-33.335-191.232-7.424-9.472 4.352-15.104 7.424-15.104 7.424s21.248-20.224 67.328-33.536l-2.56-3.072s-35.072-.768-71.936 26.88c0 0-36.864 66.816-36.864 149.248 0 0 21.504 37.12 78.08 38.912 0 0 9.472-11.52 17.152-21.248-32.512-9.728-44.8-30.208-44.8-30.208 3.766 2.636 9.976 6.053 10.496 6.4 43.21 24.198 104.588 32.126 159.744 8.96 8.96-3.328 18.944-8.192 29.44-15.104 0 0-12.8 20.992-46.336 30.464 7.68 9.728 16.896 20.736 16.896 20.736 56.576-1.792 78.336-38.912 78.336-38.912z\"><\/path><\/svg>\t\t\t<\/a>\n\t\t<\/div>\n\t\t\t\t\t\t<\/div>\n\t\t\t\t<div class=\"elementor-element elementor-element-fea8f3d elementor-widget__width-initial elementor-widget elementor-widget-author-box\" data-id=\"fea8f3d\" data-element_type=\"widget\" data-e-type=\"widget\" data-widget_type=\"author-box.default\">\n\t\t\t\t\t\t\t<div class=\"elementor-author-box\">\n\t\t\t\n\t\t\t<div class=\"elementor-author-box__text\">\n\t\t\t\t\t\t\t\t\t<div >\n\t\t\t\t\t\t<h4 class=\"elementor-author-box__name\">\n\t\t\t\t\t\t\tDiscord\t\t\t\t\t\t<\/h4>\n\t\t\t\t\t<\/div>\n\t\t\t\t\n\t\t\t\t\t\t\t\t\t<div class=\"elementor-author-box__bio\">\n\t\t\t\t\t\t<p>eric_guerrero<\/p>\n\t\t\t\t\t<\/div>\n\t\t\t\t\n\t\t\t\t\t\t\t<\/div>\n\t\t<\/div>\n\t\t\t\t\t\t<\/div>\n\t\t\t\t<\/div>\n\t\t\t\t<\/div>\n\t\t<div class=\"elementor-element elementor-element-70a8b83 e-con-full e-flex e-con e-child\" data-id=\"70a8b83\" data-element_type=\"container\" data-e-type=\"container\">\n\t\t<div class=\"elementor-element elementor-element-c69c8fa e-con-full e-flex e-con e-child\" data-id=\"c69c8fa\" data-element_type=\"container\" data-e-type=\"container\">\n\t\t\t\t<div class=\"elementor-element elementor-element-6b7a87a elementor-view-stacked elementor-shape-rounded elementor-widget elementor-widget-icon\" data-id=\"6b7a87a\" data-element_type=\"widget\" data-e-type=\"widget\" data-widget_type=\"icon.default\">\n\t\t\t\t\t\t\t<div class=\"elementor-icon-wrapper\">\n\t\t\t<a class=\"elementor-icon\" href=\"https:\/\/piconatstudio.itch.io\/\">\n\t\t\t<svg aria-hidden=\"true\" class=\"e-font-icon-svg e-fab-itch-io\" viewBox=\"0 0 512 512\" xmlns=\"http:\/\/www.w3.org\/2000\/svg\"><path d=\"M71.92 34.77C50.2 47.67 7.4 96.84 7 109.73v21.34c0 27.06 25.29 50.84 48.25 50.84 27.57 0 50.54-22.85 50.54-50 0 27.12 22.18 50 49.76 50s49-22.85 49-50c0 27.12 23.59 50 51.16 50h.5c27.57 0 51.16-22.85 51.16-50 0 27.12 21.47 50 49 50s49.76-22.85 49.76-50c0 27.12 23 50 50.54 50 23 0 48.25-23.78 48.25-50.84v-21.34c-.4-12.9-43.2-62.07-64.92-75C372.56 32.4 325.76 32 256 32S91.14 33.1 71.92 34.77zm132.32 134.39c-22 38.4-77.9 38.71-99.85.25-13.17 23.14-43.17 32.07-56 27.66-3.87 40.15-13.67 237.13 17.73 269.15 80 18.67 302.08 18.12 379.76 0 31.65-32.27 21.32-232 17.75-269.15-12.92 4.44-42.88-4.6-56-27.66-22 38.52-77.85 38.1-99.85-.24-7.1 12.49-23.05 28.94-51.76 28.94a57.54 57.54 0 0 1-51.75-28.94zm-41.58 53.77c16.47 0 31.09 0 49.22 19.78a436.91 436.91 0 0 1 88.18 0C318.22 223 332.85 223 349.31 223c52.33 0 65.22 77.53 83.87 144.45 17.26 62.15-5.52 63.67-33.95 63.73-42.15-1.57-65.49-32.18-65.49-62.79-39.25 6.43-101.93 8.79-155.55 0 0 30.61-23.34 61.22-65.49 62.79-28.42-.06-51.2-1.58-33.94-63.73 18.67-67 31.56-144.45 83.88-144.45zM256 270.79s-44.38 40.77-52.35 55.21l29-1.17v25.32c0 1.55 21.34.16 23.33.16 11.65.54 23.31 1 23.31-.16v-25.28l29 1.17c-8-14.48-52.35-55.24-52.35-55.24z\"><\/path><\/svg>\t\t\t<\/a>\n\t\t<\/div>\n\t\t\t\t\t\t<\/div>\n\t\t\t\t<div class=\"elementor-element elementor-element-d444e99 elementor-widget__width-initial elementor-widget elementor-widget-author-box\" data-id=\"d444e99\" data-element_type=\"widget\" data-e-type=\"widget\" data-widget_type=\"author-box.default\">\n\t\t\t\t\t\t\t<div class=\"elementor-author-box\">\n\t\t\t\n\t\t\t<div class=\"elementor-author-box__text\">\n\t\t\t\t\t\t\t\t\t<div >\n\t\t\t\t\t\t<h4 class=\"elementor-author-box__name\">\n\t\t\t\t\t\t\tItch.io\t\t\t\t\t\t<\/h4>\n\t\t\t\t\t<\/div>\n\t\t\t\t\n\t\t\t\t\t\t\t\t\t<div class=\"elementor-author-box__bio\">\n\t\t\t\t\t\t<p>piconatstudio<\/p>\n\t\t\t\t\t<\/div>\n\t\t\t\t\n\t\t\t\t\t\t\t<\/div>\n\t\t<\/div>\n\t\t\t\t\t\t<\/div>\n\t\t\t\t<\/div>\n\t\t\t\t<\/div>\n\t\t\t\t\t<\/div>\n\t\t\t\t<\/div>\n\t\t\t\t<\/div>\n\t\t","protected":false},"excerpt":{"rendered":"<p>Sobre M\u00ed Tengo 18 a\u00f1os y una mente anal\u00edtica y creativa. Me enfoco en el rendimiento y el dise\u00f1oen cada proyecto que desarrollo, buscando siempre el equilibrio perfecto entre funcionalidad y est\u00e9tica. Mi pasi\u00f3n por la programaci\u00f3n comenz\u00f3 con los videojuegos, pero ha evolucionado haciaun conjunto diverso de habilidades que abarca desde el desarrollo de [&hellip;]<\/p>\n","protected":false},"author":1,"featured_media":0,"parent":0,"menu_order":0,"comment_status":"closed","ping_status":"closed","template":"","meta":{"_angie_page":false,"footnotes":""},"class_list":["post-20","page","type-page","status-publish","hentry"],"_links":{"self":[{"href":"https:\/\/ericguerrero.es\/index.php\/wp-json\/wp\/v2\/pages\/20","targetHints":{"allow":["GET"]}}],"collection":[{"href":"https:\/\/ericguerrero.es\/index.php\/wp-json\/wp\/v2\/pages"}],"about":[{"href":"https:\/\/ericguerrero.es\/index.php\/wp-json\/wp\/v2\/types\/page"}],"author":[{"embeddable":true,"href":"https:\/\/ericguerrero.es\/index.php\/wp-json\/wp\/v2\/users\/1"}],"replies":[{"embeddable":true,"href":"https:\/\/ericguerrero.es\/index.php\/wp-json\/wp\/v2\/comments?post=20"}],"version-history":[{"count":34,"href":"https:\/\/ericguerrero.es\/index.php\/wp-json\/wp\/v2\/pages\/20\/revisions"}],"predecessor-version":[{"id":220,"href":"https:\/\/ericguerrero.es\/index.php\/wp-json\/wp\/v2\/pages\/20\/revisions\/220"}],"wp:attachment":[{"href":"https:\/\/ericguerrero.es\/index.php\/wp-json\/wp\/v2\/media?parent=20"}],"curies":[{"name":"wp","href":"https:\/\/api.w.org\/{rel}","templated":true}]}}